{"id":12335,"date":"2022-04-20T13:12:28","date_gmt":"2022-04-20T13:12:28","guid":{"rendered":"http:\/\/www.smartown.ae\/?page_id=12335"},"modified":"2026-02-16T13:50:23","modified_gmt":"2026-02-16T09:50:23","slug":"copia-de-barcos-de-pasajeros","status":"publish","type":"page","link":"https:\/\/www.smartown.ae\/es\/","title":{"rendered":"Barcos de pasajeros"},"content":{"rendered":"<h1>\n\t\t\tSmart Own, su especialista en barcos de pasajeros\t<\/h1>\n\t\t\t\t<img decoding=\"async\" src=\"http:\/\/www.smartown.ae\/\/wp-content\/uploads\/2022\/04\/smartown_wave_icon_white.png\" alt=\"smartown_wave_icon_blanco\" title=\"smartown_wave_icon_blanco\" itemprop=\"image\"\/>\n\t\t<h2>L\u00edder mundial en exportaci\u00f3n de barcos de pasajeros<br \/> y embarcaciones especiales<\/h2>\t\t\t\n\t\t\t<h3>Smart Own<\/h3><h3>Especialistas en barcos de pasajeros<\/h3>\t\t\n\t\t\t\t<img decoding=\"async\" src=\"https:\/\/www.smartown.ae\/wp-content\/uploads\/2022\/04\/smartown_wave_icon_blue.png\" alt=\"smartown_wave_icon_azul\" title=\"smartown_wave_icon_azul\" itemprop=\"image\"\/>\n\t\t\t\t<p class=\"translation-block\"><p>Smart Own ofrece <a href=\"https:\/\/www.smartown.ae\/es\/barcos-de-pasajeros\/\">embarcaciones de pasajeros peque\u00f1as y medianas<\/a> para el sector del transporte acu\u00e1tico, prestando servicio en diversas ubicaciones a lo largo de zonas costeras, r\u00edos y lagos.<\/p><\/p>\n<p class=\"translation-block\"><p>Nuestras embarcaciones son igualmente apreciadas por propietarios de taxis acu\u00e1ticos individuales y grandes empresas que buscan expandir sus operaciones o diversificar sus intereses comerciales.<\/p><\/p>\n<p>Gracias a nuestro cumplimiento con <strong>legislaci\u00f3n internacional<\/strong> y <strong>protocolos de seguridad mar\u00edtima<\/strong>Somos un socio confiable en la industria n\u00e1utica, reconocidos por nuestro profesionalismo, integridad y un nivel impecable de apoyo a todos nuestros clientes. <strong>clientes<\/strong>.<\/p>\n<p>Ya sea para viajes diarios, turismo, buceo o traslados entre islas, nuestras embarcaciones multifuncionales brindan una experiencia de transporte confiable, c\u00f3moda y segura en todas las aguas.<\/p>\n<p class=\"translation-block\">El prestigio mundial de Smart Own est\u00e1 respaldado por m\u00e1s de tres d\u00e9cadas de experiencia en la construcci\u00f3n naval, aprovechando la tecnolog\u00eda avanzada, la ingenier\u00eda potente y la artesan\u00eda de primera clase para responder a las necesidades actuales del mercado y crear nuevas oportunidades para la movilidad acu\u00e1tica.<\/p>\n<p>Desde nuestra sede en Dub\u00e1i, entregamos embarcaciones de clase mundial, como el Touring 36, el Transporter 32 y el Touring 48 Lounge, a operadores privados y p\u00fablicos en todos los oc\u00e9anos. <strong>r\u00edos<\/strong>, y <strong>lagos<\/strong> en m\u00e1s de 70 pa\u00edses.<\/p>\n\t\t\t<h3>Touring 36<\/h3>\t\t\n\t\t\t\t<img decoding=\"async\" src=\"http:\/\/www.smartown.ae\/\/wp-content\/uploads\/2022\/04\/smartown_wave_icon_white.png\" alt=\"smartown_wave_icon_blanco\" title=\"smartown_wave_icon_blanco\" itemprop=\"image\"\/>\n\t<ul>\n\t\t<li>\t\t\t\t\n\t\t29 pasajeros + piloto<\/li><li>\t\t\t\t\n\t\tVelocidad m\u00e1xima de 42 nudos<\/li>\t<\/ul>\n<p class=\"translation-block\">El <strong>Touring 36<\/strong> es el barco de pasajeros <strong>m\u00e1s vendido del mundo<\/strong> y la embarcaci\u00f3n preferida en el sector del transporte acu\u00e1tico. Su excelente comportamiento en el mar y su rendimiento, junto con su dise\u00f1o funcional y c\u00f3modo, son la base de la indiscutible reputaci\u00f3n del <strong>Touring 36<\/strong>. Es una excelente opci\u00f3n para a\u00f1adir a su flota de <strong>embarcaciones de pasajeros<\/strong>.<\/p>\n\t\t\t<a href=\"\/es\/touring-36\/\"  target=\"_self\">\n\t\t\t\t\t\t\tVer detalles\n\t\t\t<\/a>\n\t\t\t<h3>Touring 48 Ferry<\/h3>\t\t\n\t\t\t\t<img decoding=\"async\" src=\"https:\/\/www.smartown.ae\/wp-content\/uploads\/2022\/04\/smartown_wave_icon_white.png\" alt=\"smartown_wave_icon_blanco\" title=\"smartown_wave_icon_blanco\" itemprop=\"image\"\/>\n\t<ul>\n\t\t<li>\t\t\t\t\n\t\t46 pasajeros + capit\u00e1n + sala para equipaje<\/li><li>\t\t\t\t\n\t\tVelocidad m\u00e1xima de 42 nudos<\/li>\t<\/ul>\n\t<p class=\"translation-block\">Con asientos de clase business para 46 pasajeros y una velocidad m\u00e1xima de 42 nudos, el Touring 48 Ferry es \u00fanico en su clase en cuanto a comodidad, velocidad y capacidad mar\u00edtima para un barco de pasajeros de 14 metros. Y gracias a sus opciones de motores fuera borda, es un barco comercial que puede operar con tranquilidad en cualquier parte del mundo.<\/p>\n\t\t\t<a href=\"\/es\/touring-48-ferry\/\"  target=\"_self\">\n\t\t\t\t\t\t\tVer detalles\n\t\t\t<\/a>\n\t\t\t<h3>Touring 48 Lounge<\/h3>\t\t\n\t\t\t\t<img decoding=\"async\" src=\"https:\/\/www.smartown.ae\/wp-content\/uploads\/2022\/04\/smartown_wave_icon_white.png\" alt=\"smartown_wave_icon_blanco\" title=\"smartown_wave_icon_blanco\" itemprop=\"image\"\/>\n\t<ul>\n\t\t<li>\t\t\t\t\n\t\t16 pasajeros + piloto<\/li><li>\t\t\t\t\n\t\tVelocidad m\u00e1xima de 42 nudos<\/li>\t<\/ul>\n\t<p class=\"translation-block\">Con capacidad para navegar en alta mar, el Touring 48 Lounge tiene capacidad para 16 pasajeros VIP en un lujoso y acogedor sal\u00f3n. Y gracias a sus motores fuera borda, esta embarcaci\u00f3n puede navegar por cualquier parte del mundo. Es la embarcaci\u00f3n de transporte VIP perfecta para un complejo hotelero de 5 estrellas o una empresa que busque un lugar \u00fanico para celebrar reuniones de negocios.<\/p>\n\t\t\t<a href=\"\/es\/touring-48-lounge\/\"  target=\"_self\">\n\t\t\t\t\t\t\tVer detalles\n\t\t\t<\/a>\n\t\t\t<h3>Transporter 32<\/h3>\t\t\n\t\t\t\t<img decoding=\"async\" src=\"http:\/\/www.smartown.ae\/\/wp-content\/uploads\/2022\/04\/smartown_wave_icon_white.png\" alt=\"smartown_wave_icon_blanco\" title=\"smartown_wave_icon_blanco\" itemprop=\"image\"\/>\n\t<ul>\n\t\t<li>\t\t\t\t\n\t\t23 pasajeros + piloto y copiloto<\/li><li>\t\t\t\t\n\t\tVelocidad m\u00e1xima de 32 nudos<\/li>\t<\/ul>\n\t<p class=\"translation-block\">El Transporter 32 es una embarcaci\u00f3n comercial con un precio competitivo, construida seg\u00fan los m\u00e1s altos est\u00e1ndares de resistencia utilizando m\u00e9todos japoneses de moldeo de PRFV.<\/p>\n\t\t\t<a href=\"\/es\/transporter-32\/\"  target=\"_self\">\n\t\t\t\t\t\t\tVer detalles\n\t\t\t<\/a>\n\t\t\t<h3><p><a href=\"https:\/\/www.smartown.ae\/es\/gt46-catamaran\/\">Catamar\u00e1n GT46<\/a><br><\/h3>\t\t\n\t\t\t\t<img decoding=\"async\" src=\"https:\/\/www.smartown.ae\/wp-content\/uploads\/2022\/04\/smartown_wave_icon_white.png\" alt=\"smartown_wave_icon_blanco\" title=\"smartown_wave_icon_blanco\" itemprop=\"image\"\/>\n\t<ul>\n\t\t<li>\t\t\t\t\n\t\t16 a 36 pasajeros + tripulaci\u00f3n<\/li><li>\t\t\t\t\n\t\tMotores fuera de borda de gasolina o motores intraborda di\u00e9sel<\/li><li>\t\t\t\t\n\t\tVelocidad m\u00e1xima de 38 nudos<\/li>\t<\/ul>\n\t<p>El catamar\u00e1n de pasajeros GT46 ofrece transporte de lujo a medida sin comprometer los costes. <strong>Construido para ser eficiente,<\/strong> El GT46 navega a mayor velocidad que los monocascos de tama\u00f1o similar. Su espacio interior se puede personalizar para viajes VIP con 16 asientos de ultra lujo, viajes en clase ejecutiva con 24 asientos o viajes en clase econ\u00f3mica con 36 pasajeros.<\/p>\n\t\t\t<a href=\"\/es\/gt46-catamaran\/\"  target=\"_self\">\n\t\t\t\t\t\t\tVer detalles\n\t\t\t<\/a>\n<h2>\n\t\t\tPrecios\t<\/h2>\n\t<p>Le ayudamos a encontrar el barco de pasajeros o embarcaci\u00f3n especial ideal.<\/p>\n\t\t\t<a href=\"\/es\/contacta-con-smartown\/\"  target=\"_self\">\n\t\t\t\t\t\t\t\u00a1Cont\u00e1ctenos!\n\t\t\t\t\t<\/a>\n<figure itemscope itemtype=\"https:\/\/schema.org\/ImageObject\">\n\t\t\t\t<img decoding=\"async\" src=\"Cont\u00e1ctenos\" alt=\"H\u00c1BLANOS\" height=\"162\" width=\"161\" title=\"H\u00c1BLANOS\" onerror=\"this.style.display='none'\" loading=\"lazy\" \/>\n\t<\/figure>\n<h3>\n\t\t\tNuestros servicios\t<\/h3>\n\t\t\t\t<img decoding=\"async\" src=\"https:\/\/www.smartown.ae\/wp-content\/uploads\/2022\/04\/icon-customization.png\" alt=\"icono-personalizaci\u00f3n\" title=\"icono-personalizaci\u00f3n\" itemprop=\"image\"\/>\n\t\t<h3><p><a href=\"https:\/\/www.smartown.ae\/es\/servicios-de-personalizacion\/\">Personalizaci\u00f3n<\/a><br><\/h3>\t\t\t\n\t\t\t\t<p>Somos el proveedor l\u00edder de embarcaciones de pasajeros y disponemos de embarcaciones de pasajeros personalizadas a la venta. Trabajamos con uno de los principales fabricantes de embarcaciones de pasajeros del mundo para ofrecerle embarcaciones que se adapten a sus necesidades.<\/p>\n\t\t\t\t<img decoding=\"async\" src=\"https:\/\/www.smartown.ae\/wp-content\/uploads\/2022\/04\/icon-fast-delivery.png\" alt=\"icon-fast-delivery\" title=\"icon-fast-delivery\" itemprop=\"image\"\/>\n\t\t<h3>Entrega r\u00e1pida<\/h3>\t\t\t\n\t\t\t\t<p>Todos los barcos expuestos se fabrican por encargo y tardan entre 2 y 6 meses de entrega, dependiendo del modelo de barco de pasajeros y de los motores elegidos. Nuestros principales barcos de pasajeros son: <a title=\"Touring 36\" href=\"https:\/\/www.smartown.ae\/es\/touring-36\/\">Touring 36<\/a>, <a href=\"https:\/\/www.smartown.ae\/es\/touring-48-ferry\/\">Touring 48 Ferry<\/a>, <a href=\"https:\/\/www.smartown.ae\/es\/touring-48-lounge\/\">Touring 48 Lounge<\/a>.<\/p>\n\t\t\t\t<img decoding=\"async\" src=\"http:\/\/www.smartown.ae\/\/wp-content\/uploads\/2022\/04\/icon-international-shipping.png\" alt=\"icono-envios-internacionales\" title=\"icono-envios-internacionales\" itemprop=\"image\"\/>\n\t\t<h3>Env\u00edo internacional<\/h3>\t\t\t\n\t\t\t\t<p>Organizamos el env\u00edo a cualquier destino del mundo. Hemos vendido nuestras embarcaciones a los 5 continentes. No hay ning\u00fan pa\u00eds o isla al que no podamos llegar. Enviamos a \u00c1frica, Am\u00e9rica Latina, Asia, Ocean\u00eda o cualquier otro lugar.<\/p>\n<figure itemscope itemtype=\"https:\/\/schema.org\/ImageObject\">\n\t\t\t\t<img decoding=\"async\" src=\"http:\/\/www.smartown.ae\/\/wp-content\/uploads\/2022\/04\/dubai-2.jpg\" alt=\"Dub\u00e1i-2\" title=\"Dub\u00e1i-2\" onerror=\"this.style.display='none'\" loading=\"lazy\" \/>\n\t<\/figure>\n\t\t\t<h3>Visite Dubai, la ciudad de los sue\u00f1os, \u00a1gratis!<\/h3>\t\t\t\n\t<p>Con la presencia de nuestras embarcaciones de pasajeros en todos los continentes y en m\u00e1s de 70 pa\u00edses, podemos presumir de ser l\u00edderes del mercado en el suministro de embarcaciones de pasajeros y embarcaciones utilitarias. Smart Own lleva m\u00e1s de una d\u00e9cada suministrando embarcaciones de pasajeros de primera clase a operadores de transporte acu\u00e1tico y empresas.<\/p>\n\t\t\t<a href=\"\/es\/contacta-con-smartown\/\"  target=\"_self\">\n\t\t\t\t\t\t\tCont\u00e1ctenos\n\t\t\t<\/a>","protected":false},"excerpt":{"rendered":"<p>Passenger Boats From Dubai Leading Exporter of Passenger Boats &amp; Specialty Crafts to the World Smart Own Passenger Boats Specialists Smart Own offers small and medium-size passenger boats for the water transport industry, serving diverse locations across coastal zones, rivers, and lakes. Our boats are equally appreciated by individual water taxi owners and large-scale corporations [&hellip;]<\/p>\n","protected":false},"author":2,"featured_media":0,"parent":0,"menu_order":0,"comment_status":"closed","ping_status":"closed","template":"","meta":{"site-sidebar-layout":"no-sidebar","site-content-layout":"page-builder","ast-site-content-layout":"full-width-container","site-content-style":"unboxed","site-sidebar-style":"unboxed","ast-global-header-display":"","ast-banner-title-visibility":"","ast-main-header-display":"","ast-hfb-above-header-display":"","ast-hfb-below-header-display":"","ast-hfb-mobile-header-display":"","site-post-title":"disabled","ast-breadcrumbs-content":"disabled","ast-featured-img":"disabled","footer-sml-layout":"","ast-disable-related-posts":"","theme-transparent-header-meta":"default","adv-header-id-meta":"","stick-header-meta":"","header-above-stick-meta":"","header-main-stick-meta":"","header-below-stick-meta":"","astra-migrate-meta-layouts":"set","ast-page-background-enabled":"default","ast-page-background-meta":{"desktop":{"background-color":"var(--ast-global-color-4)","background-image":"","background-repeat":"repeat","background-position":"center center","background-size":"auto","background-attachment":"scroll","background-type":"","background-media":"","overlay-type":"","overlay-color":"","overlay-opacity":"","overlay-gradient":""},"tablet":{"background-color":"","background-image":"","background-repeat":"repeat","background-position":"center center","background-size":"auto","background-attachment":"scroll","background-type":"","background-media":"","overlay-type":"","overlay-color":"","overlay-opacity":"","overlay-gradient":""},"mobile":{"background-color":"","background-image":"","background-repeat":"repeat","background-position":"center center","background-size":"auto","background-attachment":"scroll","background-type":"","background-media":"","overlay-type":"","overlay-color":"","overlay-opacity":"","overlay-gradient":""}},"ast-content-background-meta":{"desktop":{"background-color":"var(--ast-global-color-5)","background-image":"","background-repeat":"repeat","background-position":"center center","background-size":"auto","background-attachment":"scroll","background-type":"","background-media":"","overlay-type":"","overlay-color":"","overlay-opacity":"","overlay-gradient":""},"tablet":{"background-color":"var(--ast-global-color-5)","background-image":"","background-repeat":"repeat","background-position":"center center","background-size":"auto","background-attachment":"scroll","background-type":"","background-media":"","overlay-type":"","overlay-color":"","overlay-opacity":"","overlay-gradient":""},"mobile":{"background-color":"var(--ast-global-color-5)","background-image":"","background-repeat":"repeat","background-position":"center center","background-size":"auto","background-attachment":"scroll","background-type":"","background-media":"","overlay-type":"","overlay-color":"","overlay-opacity":"","overlay-gradient":""}},"footnotes":""},"class_list":["post-12335","page","type-page","status-publish","hentry"],"_links":{"self":[{"href":"https:\/\/www.smartown.ae\/es\/wp-json\/wp\/v2\/pages\/12335","targetHints":{"allow":["GET"]}}],"collection":[{"href":"https:\/\/www.smartown.ae\/es\/wp-json\/wp\/v2\/pages"}],"about":[{"href":"https:\/\/www.smartown.ae\/es\/wp-json\/wp\/v2\/types\/page"}],"author":[{"embeddable":true,"href":"https:\/\/www.smartown.ae\/es\/wp-json\/wp\/v2\/users\/2"}],"replies":[{"embeddable":true,"href":"https:\/\/www.smartown.ae\/es\/wp-json\/wp\/v2\/comments?post=12335"}],"version-history":[{"count":0,"href":"https:\/\/www.smartown.ae\/es\/wp-json\/wp\/v2\/pages\/12335\/revisions"}],"wp:attachment":[{"href":"https:\/\/www.smartown.ae\/es\/wp-json\/wp\/v2\/media?parent=12335"}],"curies":[{"name":"Gracias","href":"https:\/\/api.w.org\/{rel}","templated":true}]}}